{"id":6,"date":"2019-10-18T12:58:34","date_gmt":"2019-10-18T10:58:34","guid":{"rendered":"http:\/\/brianzacondomini.exum.eu\/index.php\/mesmerize-pro\/"},"modified":"2024-02-22T15:30:44","modified_gmt":"2024-02-22T14:30:44","slug":"mesmerize-pro","status":"publish","type":"page","link":"https:\/\/brianzacondomini.exum.eu\/","title":{"rendered":"Front Page"},"content":{"rendered":"<div  data-label=\"Chi siamo\" data-id=\"about--1\" data-export-id=\"about-text-image\" data-category=\"about\" class=\"about-text-image content-section content-section-spacing\" id=\"chi-siamo\" style=\"background-color: rgb(245, 250, 253);\"><div  class=\"gridContainer\"> <div  class=\"row\"><div  class=\"col-sm-6 col-padding-small-xs col-sm-padding-large bg-color5 white-text content-col\" data-type=\"column\">  <h2  class=\"\">CHI SIAMO<\/h2> <p  class=\"\">Lo Studio Brianza Condomini vanta un\u2019esperienza pluriennale e consolidata nel settore dell\u2019amministrazione condominiale. Da sempre lo Studio Brianza Condomini opera con la massima efficienza, trasparenza e affidabilit\u00e0, grazie anche al costante aggiornamento sulle normative vigenti. Lo Studio \u00e8 formato da uno staff serio e competente e si avvale della collaborazione di numerosi consulenti esterni, per offrire una vasta gamma di servizi volti alla soddisfazione delle esigenze condominiali di ogni tipo. Informatizzazione dei documenti e gestione della privacy condominiale fanno dello Studio Brianza Condomini una realt\u00e0 orientata all\u2019innovazione tecnica e all\u2019adozione immediata delle disposizioni legislative.<\/p><\/div> <div  class=\"col-sm-6 flexbox-strech center-xs middle-xs no-gutter-col\"><div  class=\"shadow-large overlap-left-large flexbox middle-xs center-xs right-img\" data-bg=\"image\" style=\"background-image: url(&quot;http:\/\/brianzacondomini.exum.eu\/wp-content\/uploads\/2024\/02\/cropped-801710DC-789F-4032-BFF7-EFB6924B11A1.png&quot;);\"><\/div><\/div> <\/div><\/div> <\/div><div  id=\"cta-1\" data-label=\"Cta\" data-id=\"cta-blue-section\" data-export-id=\"cta-blue-section\" data-category=\"cta\" class=\"cta-blue-section content-section content-section-spacing-medium bg-color1 white-text content-relative\" style=\"background-image: none; background-color: rgb(255, 255, 255);\"><div  class=\"gridContainer\"> <div  class=\"row middle-xs\"><div  class=\"col-sm-8 space-bottom-xs\" data-type=\"column\"> <h2  class=\"\" style=\"text-align: center;\"><span  style=\"color: rgb(0, 0, 0); font-weight: 600;\">RICHIEDI UN PREVENTIVO<\/span><\/h2> <\/div> <div  class=\"col-sm-4 end-sm\" data-type=\"column\"> <a class=\"button color7\" href=\"#contatti\" target=\"_self\" data-cp-link=\"1\" data-icon=\"\" rel=\"noopener noreferrer\">CONTATTACI<\/a><\/div> <\/div><\/div> <\/div><div  data-label=\"I nostri servizi\" data-id=\"content--1\" data-export-id=\"content-9\" data-category=\"content\" class=\"content-9 content-section content-section-spacing content-relative\" id=\"i-nostri-servizi-1\" style=\"background-color: rgba(3, 169, 244, 0); background-size: cover; background-image: none; background-position: center top;\" data-section-ov=\"1\"><div  class=\"section-separator-top\">\n    <svg  xmlns=\"http:\/\/www.w3.org\/2000\/svg\" viewBox=\"0 0 700 10\" preserveAspectRatio=\"none\" data-separator-name=\"arrow\" class=\"section-separator-top\">\n\t<path  class=\"svg-white-bg\" d=\"M350,10L340,0h20L350,10z\"><\/path>\n<\/svg>\n<\/div><div  class=\"gridContainer\"> <div  class=\"row text-center\"><div  class=\"section-title-col\" data-type=\"column\"> <h2  class=\"\"><span  style=\"font-weight: 700;\">PERCHE\u2019 SCEGLIERE NOI<\/span><\/h2> <\/div> <\/div> <div  class=\"row space-bottom text-center\" data-type=\"row\"> <div  class=\"col-sm-4 col-padding-small\"> <i  class=\"fa icon fa-check reverse round large color7\"><\/i> <h4  class=\"\"><span  style=\"font-weight: 700;\">MODERNITA\u2019<\/span><\/h4> <h5  class=\"\"><span  style=\"font-weight: 300;\">Uno Studio informatizzato, sempre aggiornato sulle normative in continuo mutamento e con una visione panoramica sul settore immobiliare.<\/span><\/h5><\/div> <div  class=\"col-sm-4 col-padding-small\"><i  class=\"fa icon fa-life-bouy reverse round large color7\"><\/i> <h4  class=\"\"><span  style=\"font-weight: 700;\">SERIETA\u2019<\/span><\/h4> <h5  class=\"\"><span  style=\"font-weight: 300;\">Servizi, attivit\u00e0 e tariffe chiare e verificabili. Il nostro approccio con i clienti \u00e8 scandito da modalit\u00e0 operative consolidate che ci permettono di essere trasparenti e tempestivi in fatto di comunicazione e rendicontazione.<\/span><\/h5><\/div> <div  class=\"col-sm-4 col-padding-small\"><i  class=\"fa icon fa-thumbs-o-up reverse round large color7\"><\/i> <h4  class=\"\"><span  style=\"font-weight: 700;\">EFFICIENZA<\/span><\/h4> <h5  class=\"\"><span  style=\"font-weight: 300;\">Lo Studio Brianza Condomini offre una gestione ottimizzata dell\u2019amministrazione condominiale, garantendo i migliori risultati nel minor tempo possibile.<\/span><\/h5><\/div> <\/div> <div  class=\"row center-xs middle-xs\"> <div  class=\"col-sm-12\" data-type=\"column\">  <\/div><\/div> <\/div><\/div><div  data-label=\"Cta\" data-id=\"cta--1\" data-export-id=\"cta-centered-section-grid\" data-category=\"cta\" class=\"cta-centered-section-grid content-section content-section-spacing-medium bg-color1 white-text content-relative\" id=\"cta-2\" style=\"background-image: none; background-color: rgb(4, 79, 143);\"><div  class=\"gridContainer\"> <div  class=\"row text-center\"><div  class=\"col-xs-12 col-sm-10 col-sm-offset-1 col-md-8 col-md-offset-2\" data-type=\"column\"> <h2  class=\"\"><span  style=\"font-weight: 700;\">Formazione e aggiornamento continuo<\/span><\/h2> <p  class=\"\">La filosofia che seguiamo si basa sull\u2019innovazione continua e sull\u2019aggiornamento costante\n<br >e professionale presso il nostro Studio.<\/p> <a class=\"button color7\" href=\"#contatti\" target=\"_self\" data-cp-link=\"1\" data-icon=\"\" rel=\"noopener noreferrer\">CONTATTACI<\/a><\/div> <\/div><\/div> <\/div><div  data-label=\"I nostri servizi\" data-id=\"features--1\" data-export-id=\"features-13\" data-category=\"features\" class=\"features-13 content-section content-section-spacing content-relative\" id=\"i-nostri-servizi\" style=\"background-color: rgb(245, 250, 253);\"><div  class=\"section-separator-top\">\n    <svg  class=\"section-separator-top\" data-separator-name=\"triangle-asymmetrical-negative\" preserveAspectRatio=\"none\" viewBox=\"0 0 1000 100\" xmlns=\"http:\/\/www.w3.org\/2000\/svg\">\n        <path  class=\"svg-white-bg\" d=\"M737.9,94.7L0,0v100h1000V0L737.9,94.7z\"><\/path>\n    <\/svg>\n<\/div><div  class=\"gridContainer\"> <div  class=\"row text-center\"><div  class=\"section-title-col\" data-type=\"column\"> <h2  class=\"\"><span  class=\"\" style=\"margin-bottom: 16px; outline-color: rgb(204, 204, 204); outline-style: solid; text-rendering: optimizeLegibility; font-size: 2.5rem; line-height: 3rem; word-wrap: break-word;\">COSA OFFRIAMO<\/span><\/h2> <h5  class=\"\"><span  style=\"font-family: &quot;Open Sans&quot;, arial, helvetica, sans-serif; font-weight: 400;\">Siamo in grado di offrire ai nostri clienti una serie di servizi completa ed interdisciplinare, per poter affrontare le problematiche riguardanti il settore ed il mercato immobiliare.<\/span><\/h5><\/div> <\/div> <div  class=\"row spaced-cols\" data-type=\"row\"> <div  class=\"col col-sm-6 space-bottom col-md-4\"> <i  class=\"fa icon fa-calculator bordered round big color7\"><\/i> <h4  class=\"\"><span  style=\"color: rgb(4, 79, 143); font-weight: 700;\">CONTABILITA\u2019<\/span><\/h4> <p  class=\"\">Gestione dal piccolo al grande\n<br >condominio; lo Studio ha la soluzione\n<br >perfetta per la gestione del tuo immobile.<\/p> <\/div> <div  class=\"col col-sm-6 space-bottom col-md-4\"><i  class=\"fa icon fa-connectdevelop bordered round big color7\"><\/i> <h4  class=\"\"><span  style=\"font-weight: 700; color: rgb(4, 79, 143);\">GESTIONE INTERVENTI<\/span><\/h4> <p  class=\"\">Tempismo ed efficacia per qualsiasi\n<br >intervento condominiale a 360\u00b0, 365 giorni\n<br >su 365.<\/p> <\/div>  <div  class=\"col col-sm-6 space-bottom col-md-4\"><i  class=\"fa icon fa-lock bordered round big color7\"><\/i> <h4  class=\"\"><span  style=\"font-weight: 700; color: rgb(4, 79, 143);\">PRIVACY CONDOMINIALE<\/span><\/h4> <p  class=\"\">Accedi all\u2019area Privacy Condominiale per\n<br >poter scaricare l\u2019informativa condominiale costantemente aggiornata.<\/p> <a class=\"link\" href=\"https:\/\/www.d360.cloud\/PrivacyCondominiale\" target=\"_blank\" data-cp-link=\"1\" rel=\"noopener\">ACCEDI<\/a><\/div> <div  class=\"col col-sm-6 space-bottom col-md-4\"> <i  class=\"fa icon fa-balance-scale bordered round big color7\"><\/i> <h4  class=\"\"><span  style=\"font-weight: 700; color: rgb(4, 79, 143);\">RAPPRESENTANZA LEGALE<\/span><\/h4> <p  class=\"\">Collaboratori in grado di offrire\n<br >rappresentanza legale del tuo\n<br >condominio.<\/p> <\/div><div  class=\"col col-sm-6 space-bottom col-md-4\"> <i  class=\"fa icon fa-commenting-o bordered round big color7\"><\/i> <h4  class=\"\"><span  style=\"font-weight: 700; color: rgb(4, 79, 143);\">CONSULENZA<\/span><span  id=\"_mce_caret\" data-mce-bogus=\"1\" data-mce-type=\"format-caret\"><span  style=\"font-weight: 700; color: rgb(4, 79, 143);\">\ufeff<\/span><\/span><\/h4> <p  class=\"\">Consulenza per privati legata al condominio.<\/p> <\/div><\/div><\/div> <\/div><div  data-label=\"Overlappable\" data-id=\"overlappable--1\" data-export-id=\"overlappable-3\" data-category=\"overlappable\" class=\"overlappable-3 content-section content-section-spacing content-relative\" data-overlap=\"true\" id=\"overlappable-1\" style=\"background-color: rgb(255, 255, 255);\"><div  class=\"gridContainer\"> <div  class=\"row bg-color-white shadow-medium\"><div  class=\"col-xs-12 col-sm-6 image-col first-image-col\" data-bg=\"image\"><\/div> <div  class=\"col-xs-12 col-sm-6 content-col col-padding col-padding-xs\"> <div  class=\"col-padding\" data-type=\"column\">   <\/div> <\/div><\/div> <div  class=\"row bg-color-white shadow-medium\"><div  class=\"col-xs-12 col-sm-6 content-col col-padding col-padding-xs\"> <div  class=\"col-padding\" data-type=\"column\"><h4  class=\"\">COLLABORATORI<\/h4> <p  class=\"\">Lo Studio Brianza Condomini si avvale di un portfolio di fornitori e professionisti fidati tra i quali sono presenti geometri, architetti, commercialisti e avvocati.<\/p> <\/div> <\/div> <div  class=\"col-xs-12 col-sm-6 image-col second-image-col first-xs last-sm\" data-bg=\"image\" style=\"background-image: url(&quot;http:\/\/brianzacondomini.exum.eu\/wp-content\/uploads\/2019\/10\/cropped-Perch\u00e8-sceglierci-2-Copy.jpg&quot;);\"><\/div> <\/div><\/div> <\/div><div  data-label=\"Cta\" data-id=\"cta--2\" data-export-id=\"cta-centered-section-grid\" data-category=\"cta\" class=\"cta-centered-section-grid content-section content-section-spacing-medium bg-color1 white-text content-relative\" id=\"cta-3\" style=\"background-image: none; background-color: rgb(4, 79, 143);\"><div  class=\"gridContainer\"> <div  class=\"row text-center\"><div  class=\"col-xs-12 col-sm-10 col-sm-offset-1 col-md-8 col-md-offset-2\" data-type=\"column\"> <h2  class=\"\">Si riceve preferibilmente su appuntamento<\/h2> <p  class=\"\">ORARI DELLO STUDIO:<br >Luned\u00ec 12:30-16:30<br >\nMarted\u00ec 8:30-12:30<br >\nMercoled\u00ec 8:30-12:30<br >\nGioved\u00ec 13:30-18:30<br >\nVenerd\u00ec: 8:30-12:30<\/p> <\/div> <\/div><\/div> <\/div><div  data-label=\"Contatti\" data-id=\"contact--1\" data-export-id=\"contact-7\" data-category=\"contact\" class=\"contact-7 content-section content-section-spacing white-text\" data-parallax-depth=\"20\" id=\"contatti\" style=\"background-color: rgb(245, 250, 253); background-image: url(&quot;http:\/\/brianzacondomini.exum.eu\/wp-content\/uploads\/2019\/10\/image-1-1024x768.png&quot;); background-size: cover; background-position: center top;\"><div  class=\"gridContainer\"> <div  class=\"row text-center\"><div  class=\"col-xs-12\"> <div  class=\"card no-padding\"><div  class=\"row\"> <div  class=\"col-xs-12 col-sm-6 contact-form-wrapper shadow-medium inline-info\"><h2  class=\"text-center font-300 color-black\">Entra in&nbsp;<span  id=\"_mce_caret\" data-mce-bogus=\"1\" data-mce-type=\"format-caret\"><span  style=\"font-weight: 700;\">\ufeffcontatto<span  id=\"_mce_caret\" data-mce-bogus=\"1\" data-mce-type=\"format-caret\"><span  style=\"font-weight: 400;\">\ufeff&nbsp;<span  id=\"_mce_caret\" data-mce-bogus=\"1\" data-mce-type=\"format-caret\"><span  style=\"font-weight: 300;\">\ufeffcon noi<\/span><\/span><\/span><\/span><\/span><\/span><\/h2> <div  class=\"\" data-content-shortcode=\"mesmerize_contact_form shortcode=&quot;contact-form-7 id=&amp;amp;quot;39&amp;amp;quot; title=&amp;amp;quot;Modulo di contatto 1&amp;amp;quot;&quot;\" data-editable=\"true\"><div role=\"form\" class=\"wpcf7\" id=\"wpcf7-f39-o1\" lang=\"it-IT\" dir=\"ltr\">\n<div class=\"screen-reader-response\"><\/div>\n<form action=\"\/index.php?rest_route=%2Fwp%2Fv2%2Fpages%2F6#wpcf7-f39-o1\" method=\"post\" class=\"wpcf7-form wpcf7-acceptance-as-validation\" novalidate=\"novalidate\">\n<div style=\"display: none;\">\n<input type=\"hidden\" name=\"_wpcf7\" value=\"39\" \/>\n<input type=\"hidden\" name=\"_wpcf7_version\" value=\"5.1.4\" \/>\n<input type=\"hidden\" name=\"_wpcf7_locale\" value=\"it_IT\" \/>\n<input type=\"hidden\" name=\"_wpcf7_unit_tag\" value=\"wpcf7-f39-o1\" \/>\n<input type=\"hidden\" name=\"_wpcf7_container_post\" value=\"0\" \/>\n<\/div>\n<p class=\"input-form\">\n<label> Nome*<br \/>\n    <span class=\"wpcf7-form-control-wrap your-name\"><input type=\"text\" name=\"your-name\" value=\"\" size=\"40\" class=\"wpcf7-form-control wpcf7-text wpcf7-validates-as-required\" aria-required=\"true\" aria-invalid=\"false\" \/><\/span> <\/label><\/p>\n<p class=\"input-form\">\n<label> Email*<br \/>\n    <span class=\"wpcf7-form-control-wrap your-email\"><input type=\"email\" name=\"your-email\" value=\"\" size=\"40\" class=\"wpcf7-form-control wpcf7-text wpcf7-email wpcf7-validates-as-required wpcf7-validates-as-email\" aria-required=\"true\" aria-invalid=\"false\" \/><\/span> <\/label><\/p>\n<p class=\"input-form\">\n<label> Oggetto*<br \/>\n    <span class=\"wpcf7-form-control-wrap your-subject\"><input type=\"text\" name=\"your-subject\" value=\"\" size=\"40\" class=\"wpcf7-form-control wpcf7-text wpcf7-validates-as-required\" aria-required=\"true\" aria-invalid=\"false\" \/><\/span> <\/label><\/p>\n<p class=\"input-form input-form100\">\n<label> Inserisci un tuo messaggio<br \/>\n    <span class=\"wpcf7-form-control-wrap your-message\"><textarea name=\"your-message\" cols=\"40\" rows=\"10\" class=\"wpcf7-form-control wpcf7-textarea\" aria-invalid=\"false\"><\/textarea><\/span> <\/label><\/p>\n<p class=\"input-form input-form100\">\n<span class=\"wpcf7-form-control-wrap accept-this-3\"><span class=\"wpcf7-form-control wpcf7-acceptance\"><span class=\"wpcf7-list-item\"><label><input type=\"checkbox\" name=\"accept-this-3\" value=\"1\" aria-invalid=\"false\" \/><span class=\"wpcf7-list-item-label\">AUTORIZZO IL <a target=\"_blank\" href=\"http:\/\/brianzacondomini.exum.eu\/privacy-policy\/\" style=\"text-decoration:underline;\">TRATTAMENTO DEI DATI PERSONALI<\/a><\/span><\/label><\/span><\/span><\/span>\n<\/p>\n<p>*campo obbligatorio<\/p>\n<p class=\"par-button-contact7\">\n<input type=\"submit\" value=\"Invia\" class=\"wpcf7-form-control wpcf7-submit\" \/><\/p>\n<div class=\"wpcf7-response-output wpcf7-display-none\"><\/div><\/form><\/div><\/div><\/div> <div  class=\"col-xs-12 col-sm-6 map-col\"><div  data-content-shortcode=\"mesmerize_maps address=&quot;VIA VITT. EMANUELE II 75, VAREDO&quot; zoom=&quot;65&quot;\" data-editable=\"true\" class=\"map-wrapper\"><iframe class=\"mesmerize-google-maps mesmerize-frame-map\" src=\"https:\/\/maps.google.com\/maps?q=VIA VITT. EMANUELE II 75, VAREDO&amp;z=14&amp;t=m&amp;output=embed&amp;iwloc=near\"><\/iframe><\/div><\/div> <\/div><\/div> <\/div><\/div> <\/div><\/div>","protected":false},"excerpt":{"rendered":"<p>CHI SIAMO Lo Studio Brianza Condomini vanta un\u2019esperienza pluriennale e consolidata nel settore dell\u2019amministrazione condominiale. Da sempre lo Studio Brianza Condomini opera con la massima efficienza, trasparenza e affidabilit\u00e0, grazie anche al costante aggiornamento sulle normative vigenti. Lo Studio \u00e8 formato da uno staff serio e competente e si avvale della collaborazione di numerosi consulenti&hellip; <br \/> <a class=\"read-more\" href=\"https:\/\/brianzacondomini.exum.eu\/\">Read more<\/a><\/p>\n","protected":false},"author":1,"featured_media":0,"parent":0,"menu_order":0,"comment_status":"closed","ping_status":"closed","template":"page-templates\/homepage.php","meta":{"footnotes":""},"_links":{"self":[{"href":"https:\/\/brianzacondomini.exum.eu\/index.php?rest_route=\/wp\/v2\/pages\/6"}],"collection":[{"href":"https:\/\/brianzacondomini.exum.eu\/index.php?rest_route=\/wp\/v2\/pages"}],"about":[{"href":"https:\/\/brianzacondomini.exum.eu\/index.php?rest_route=\/wp\/v2\/types\/page"}],"author":[{"embeddable":true,"href":"https:\/\/brianzacondomini.exum.eu\/index.php?rest_route=\/wp\/v2\/users\/1"}],"replies":[{"embeddable":true,"href":"https:\/\/brianzacondomini.exum.eu\/index.php?rest_route=%2Fwp%2Fv2%2Fcomments&post=6"}],"version-history":[{"count":52,"href":"https:\/\/brianzacondomini.exum.eu\/index.php?rest_route=\/wp\/v2\/pages\/6\/revisions"}],"predecessor-version":[{"id":239,"href":"https:\/\/brianzacondomini.exum.eu\/index.php?rest_route=\/wp\/v2\/pages\/6\/revisions\/239"}],"wp:attachment":[{"href":"https:\/\/brianzacondomini.exum.eu\/index.php?rest_route=%2Fwp%2Fv2%2Fmedia&parent=6"}],"curies":[{"name":"wp","href":"https:\/\/api.w.org\/{rel}","templated":true}]}}